{"id":796,"date":"2014-05-07T19:32:39","date_gmt":"2014-05-07T19:32:39","guid":{"rendered":"http:\/\/www.alumniespana.es\/nueva\/?page_id=796"},"modified":"2014-05-20T19:40:32","modified_gmt":"2014-05-20T19:40:32","slug":"premio-alumni","status":"publish","type":"page","link":"https:\/\/www.alumniespana.es\/nueva\/alumni-espana\/premio-alumni\/","title":{"rendered":"Premio Alumni"},"content":{"rendered":"<p style=\"text-align: justify;\">La Federaci\u00f3n y el Banco Santander, atendiendo al convenio de colaboraci\u00f3n existente entre ambas entidades, crearon en <strong>abril de 2008 el PREMIO ALUMNI<\/strong>, pensado para potenciar y promover el esp\u00edritu asociativo de los Antiguos Alumnos y Amigos de las Universidades, as\u00ed como premiar las iniciativas llevadas a cabo por este tipo de entidades.<\/p>\n<p style=\"text-align: justify;\"><strong>Objetivo del Premio<br \/>\n<\/strong>Constituye el principal objetivo de este premio anual, reconocer la labor de las Asociaciones, Programas, Oficinas, o cualquier otra forma de organizaci\u00f3n (a partir de ahora entidades) que trabajen por y para los Antiguos Alumnos y Amigos de las Universidades Espa\u00f1olas, y que a la vez formen parte de las entidades que, el d\u00eda de la presentaci\u00f3n del premio, integran la Federaci\u00f3n de Asociaciones de Antiguos Alumnos y Amigos de las Universidades Espa\u00f1olas.<\/p>\n<p style=\"text-align: justify;\">El premio se otorgar\u00e1 anualmente a un proyecto concreto, que se adecue a la modalidad del premio, llevado a cabo por alguna de las entidades anteriormente mencionadas. El proyecto presentado a concurso puede haber sido ejecutado con anterioridad, o bien estar proyectado para ejecutarse en un futuro pr\u00f3ximo.<\/p>\n<p style=\"text-align: justify;\"><strong>Entidades solicitantes<br \/>\n<\/strong>Podr\u00e1n presentar su candidatura las entidades que cuenten entre sus actividades el desarrollo de actuaciones que contribuyan al desarrollo, entre otros, de alguna de las siguientes \u00e1reas:<\/p>\n<ul>\n<li>Formaci\u00f3n contin\u00faa.<\/li>\n<li>Fomento del empleo, sobre todo entre personas desfavorecidas.<\/li>\n<li>Desarrollo cultural y social de la ciudad en la que realice habitualmente sus actividades.<\/li>\n<li>Cooperaci\u00f3n al desarrollo.<\/li>\n<li>Fomento del voluntariado<\/li>\n<\/ul>\n<p style=\"text-align: justify;\"><strong>Dotaci\u00f3n del premio<br \/>\n<\/strong>El premio anual est\u00e1 dotado con 2.000 Euros, cantidad a la que se\u00a0 le practicar\u00e1n las correspondientes deducciones fiscales que marca la legislaci\u00f3n vigente. \u00a0Este premio anual\u00a0 est\u00e1 dirigido a\u00a0 fomentar e impulsar proyectos e iniciativas de la Entidad ganadora (siendo \u00e9sta condici\u00f3n imprescindible) como reconocimiento a la labor desempe\u00f1ada por dicha entidad mediante la ejecuci\u00f3n del proyecto presentado a concurso.<\/p>\n","protected":false},"excerpt":{"rendered":"<p>La Federaci\u00f3n y el Banco Santander, atendiendo al convenio de colaboraci\u00f3n existente entre ambas entidades, crearon en abril de 2008 el PREMIO ALUMNI, pensado para <a href=\"https:\/\/www.alumniespana.es\/nueva\/alumni-espana\/premio-alumni\/\" class=\"btn btn-link continue-link\">Seguir leyendo<\/a><\/p>\n","protected":false},"author":8,"featured_media":0,"parent":61,"menu_order":2,"comment_status":"closed","ping_status":"closed","template":"","meta":{"jetpack_post_was_ever_published":false,"footnotes":""},"class_list":["post-796","page","type-page","status-publish","hentry"],"jetpack_sharing_enabled":true,"jetpack_shortlink":"https:\/\/wp.me\/PgqjCh-cQ","jetpack-related-posts":[],"_links":{"self":[{"href":"https:\/\/www.alumniespana.es\/nueva\/wp-json\/wp\/v2\/pages\/796","targetHints":{"allow":["GET"]}}],"collection":[{"href":"https:\/\/www.alumniespana.es\/nueva\/wp-json\/wp\/v2\/pages"}],"about":[{"href":"https:\/\/www.alumniespana.es\/nueva\/wp-json\/wp\/v2\/types\/page"}],"author":[{"embeddable":true,"href":"https:\/\/www.alumniespana.es\/nueva\/wp-json\/wp\/v2\/users\/8"}],"replies":[{"embeddable":true,"href":"https:\/\/www.alumniespana.es\/nueva\/wp-json\/wp\/v2\/comments?post=796"}],"version-history":[{"count":0,"href":"https:\/\/www.alumniespana.es\/nueva\/wp-json\/wp\/v2\/pages\/796\/revisions"}],"up":[{"embeddable":true,"href":"https:\/\/www.alumniespana.es\/nueva\/wp-json\/wp\/v2\/pages\/61"}],"wp:attachment":[{"href":"https:\/\/www.alumniespana.es\/nueva\/wp-json\/wp\/v2\/media?parent=796"}],"curies":[{"name":"wp","href":"https:\/\/api.w.org\/{rel}","templated":true}]}}