{"id":20,"date":"2014-03-31T19:38:18","date_gmt":"2014-03-31T19:38:18","guid":{"rendered":"http:\/\/www.alumniespana.es\/nueva\/?page_id=20"},"modified":"2014-05-12T20:39:07","modified_gmt":"2014-05-12T20:39:07","slug":"fines-y-objetivos","status":"publish","type":"page","link":"https:\/\/www.alumniespana.es\/nueva\/fines-y-objetivos\/","title":{"rendered":"Fines y Objetivos"},"content":{"rendered":"<p style=\"text-align: justify;\"><span style=\"color: #000000;\"><b>Alumni Espa\u00f1a<\/b>\u00a0es la Federaci\u00f3n que agrupa asociaciones y entidades de antiguos alumnos y amigos de las universidades espa\u00f1olas y de Iberoam\u00e9rica. La entidad tiene como\u00a0<b>finalidad principal<\/b>\u00a0aunar esfuerzos para la consecuci\u00f3n de aquellos fines propios de cada entidad miembro a partir de intereses comunes y del intercambio de sus experiencias.<\/span><\/p>\n<p style=\"text-align: justify;\"><span style=\"color: #000000;\">\u00a0Los\u00a0<b>objetivos\u00a0<\/b>de\u00a0<b>Alumni Espa\u00f1a\u00a0<\/b>son:<\/span><\/p>\n<ul style=\"text-align: justify;\">\n<li><span style=\"color: #000000;\">\u00a0<b>Promover y canalizar la relaci\u00f3n<\/b>\u00a0entre las entidades integrantes, favoreciendo la\u00a0<b>uni\u00f3n y cooperaci\u00f3n<\/b>\u00a0entre ellas. Con tal car\u00e1cter, Alumni Espa\u00f1a podr\u00e1 expresar la opini\u00f3n de \u00e9stas, en su caso, en relaci\u00f3n a los problemas generales o asuntos comunes de dichas entidades, ante los organismos p\u00fablicos o privados nacionales o internacionales.<\/span><\/li>\n<li><span style=\"color: #000000;\">\u00a0Ser un\u00a0<b>instrumento de reflexi\u00f3n<\/b>\u00a0conjunta, de toma de decisiones, en favor del sector, y de\u00a0<b>voz representativa<\/b>\u00a0ante las administraciones p\u00fablicas, auton\u00f3micas, estatales y europeas.<\/span><\/li>\n<li><span style=\"color: #000000;\">\u00a0<b>Potenciar y articular<\/b>\u00a0la vinculaci\u00f3n de las entidades integrantes con las Universidades y organismos que las representan.<\/span><\/li>\n<li><span style=\"color: #000000;\">\u00a0Favorecer la interrelaci\u00f3n de los socios y el intercambio de servicios y experiencias.<\/span><\/li>\n<li><span style=\"color: #000000;\">\u00a0Contribuir al progreso y desarrollo social y fomentar la solidaridad interasociativa.<\/span><\/li>\n<li><span style=\"color: #000000;\">\u00a0Impulsar y coordinar iniciativas y proyectos sectoriales que respondan a intereses comunes de las entidades miembros.<\/span><\/li>\n<li><span style=\"color: #000000;\">\u00a0Dar a conocer a la sociedad la realidad de las asociaciones y entidades de antiguos alumnos y amigos de las universidades espa\u00f1olas<\/span><\/li>\n<\/ul>\n<p style=\"text-align: justify;\"><span style=\"color: #000000;\">Para la consecuci\u00f3n de los objetivos,\u00a0<b>Alumni Espa\u00f1a<\/b>\u00a0presta un conjunto de servicios a las asociaciones y entidades que la integran como la organizaci\u00f3n de encuentros, seminarios, mesas redondas, de \u00e1mbito nacional e internacional sobre temas relativos a actividades que le son propias. Tambi\u00e9n establece acuerdos con entidades p\u00fablicas o privadas que beneficien a las partes integrantes de la Red Alumni, respetando la autonom\u00eda sus miembros.<\/span><\/p>\n","protected":false},"excerpt":{"rendered":"<p>Alumni Espa\u00f1a\u00a0es la Federaci\u00f3n que agrupa asociaciones y entidades de antiguos alumnos y amigos de las universidades espa\u00f1olas y de Iberoam\u00e9rica. La entidad tiene como\u00a0finalidad <a href=\"https:\/\/www.alumniespana.es\/nueva\/fines-y-objetivos\/\" class=\"btn btn-link continue-link\">Seguir leyendo<\/a><\/p>\n","protected":false},"author":8,"featured_media":0,"parent":0,"menu_order":0,"comment_status":"closed","ping_status":"closed","template":"","meta":{"jetpack_post_was_ever_published":false,"footnotes":""},"class_list":["post-20","page","type-page","status-publish","hentry"],"jetpack_sharing_enabled":true,"jetpack_shortlink":"https:\/\/wp.me\/PgqjCh-k","jetpack-related-posts":[],"_links":{"self":[{"href":"https:\/\/www.alumniespana.es\/nueva\/wp-json\/wp\/v2\/pages\/20","targetHints":{"allow":["GET"]}}],"collection":[{"href":"https:\/\/www.alumniespana.es\/nueva\/wp-json\/wp\/v2\/pages"}],"about":[{"href":"https:\/\/www.alumniespana.es\/nueva\/wp-json\/wp\/v2\/types\/page"}],"author":[{"embeddable":true,"href":"https:\/\/www.alumniespana.es\/nueva\/wp-json\/wp\/v2\/users\/8"}],"replies":[{"embeddable":true,"href":"https:\/\/www.alumniespana.es\/nueva\/wp-json\/wp\/v2\/comments?post=20"}],"version-history":[{"count":0,"href":"https:\/\/www.alumniespana.es\/nueva\/wp-json\/wp\/v2\/pages\/20\/revisions"}],"wp:attachment":[{"href":"https:\/\/www.alumniespana.es\/nueva\/wp-json\/wp\/v2\/media?parent=20"}],"curies":[{"name":"wp","href":"https:\/\/api.w.org\/{rel}","templated":true}]}}