{"id":1918,"date":"2024-07-24T06:51:49","date_gmt":"2024-07-24T06:51:49","guid":{"rendered":"http:\/\/www.alumniespana.es\/nueva\/?page_id=1918"},"modified":"2024-10-03T13:03:07","modified_gmt":"2024-10-03T13:03:07","slug":"xxviii-encuentro-de-asociaciones-de-antiguos-alumnos-y-amigos-de-las-universidades-espanolas","status":"publish","type":"page","link":"https:\/\/www.alumniespana.es\/nueva\/xxviii-encuentro-de-asociaciones-de-antiguos-alumnos-y-amigos-de-las-universidades-espanolas\/","title":{"rendered":"XXVIII Encuentro de Asociaciones de Antiguos Alumnos y Amigos de las Universidades Espa\u00f1olas"},"content":{"rendered":"<p>&nbsp;<\/p>\n<p><a href=\"http:\/\/www.alumniespana.es\/nueva\/wp-content\/uploads\/2024\/07\/cartel.jpe\"><img fetchpriority=\"high\" decoding=\"async\" data-attachment-id=\"1919\" data-permalink=\"https:\/\/www.alumniespana.es\/nueva\/xxviii-encuentro-de-asociaciones-de-antiguos-alumnos-y-amigos-de-las-universidades-espanolas\/cartel\/\" data-orig-file=\"https:\/\/www.alumniespana.es\/nueva\/wp-content\/uploads\/2024\/07\/cartel.jpe\" data-orig-size=\"964,400\" data-comments-opened=\"1\" data-image-meta=\"{&quot;aperture&quot;:&quot;0&quot;,&quot;credit&quot;:&quot;&quot;,&quot;camera&quot;:&quot;&quot;,&quot;caption&quot;:&quot;&quot;,&quot;created_timestamp&quot;:&quot;0&quot;,&quot;copyright&quot;:&quot;&quot;,&quot;focal_length&quot;:&quot;0&quot;,&quot;iso&quot;:&quot;0&quot;,&quot;shutter_speed&quot;:&quot;0&quot;,&quot;title&quot;:&quot;&quot;,&quot;orientation&quot;:&quot;0&quot;}\" data-image-title=\"cartel XXVII Encuentro\" data-image-description=\"\" data-image-caption=\"\" data-medium-file=\"https:\/\/www.alumniespana.es\/nueva\/wp-content\/uploads\/2024\/07\/cartel-300x124.jpe\" data-large-file=\"https:\/\/www.alumniespana.es\/nueva\/wp-content\/uploads\/2024\/07\/cartel.jpe\" class=\"wp-image-1919 size-full aligncenter\" src=\"http:\/\/www.alumniespana.es\/nueva\/wp-content\/uploads\/2024\/07\/cartel.jpe\" alt=\"\" width=\"964\" height=\"400\" srcset=\"https:\/\/www.alumniespana.es\/nueva\/wp-content\/uploads\/2024\/07\/cartel.jpe 964w, https:\/\/www.alumniespana.es\/nueva\/wp-content\/uploads\/2024\/07\/cartel-300x124.jpe 300w, https:\/\/www.alumniespana.es\/nueva\/wp-content\/uploads\/2024\/07\/cartel-768x319.jpe 768w\" sizes=\"(max-width: 640px) 100vw, 640px\" \/><\/a>Durante los d\u00edas 03 y 04 de octubre se celebrar\u00e1 el \u201c<strong><em>XXVIII Encuentro de Asociaciones de Antiguos Alumnos y Amigos de las Universidades Espa\u00f1olas\u201d <\/em><\/strong><em>en M\u00e1laga<\/em>.<\/p>\n<p>Los encuentros anuales de las asociaciones federadas en Alumni Espa\u00f1a tienen como objetivo fundamental fortalecer la red de antiguos alumnos y fomentar la colaboraci\u00f3n estrat\u00e9gica entre diversos actores sociales y econ\u00f3micos.<\/p>\n<p>En este 2024 ser\u00e1 la primera vez que el\u00a0Encuentro Alumni Espa\u00f1a se celebre en M\u00e1laga desde que en 1997 se organizase el primero en Madrid.<\/p>\n<p>Este encuentro lo convoca cada a\u00f1o la <em>Federaci\u00f3n de Asociaciones de Antiguos Alumnos y Amigos de las Universidades Espa\u00f1olas (Alumni Espa\u00f1a)<\/em> y lo organiza una de las asociaciones federadas. En esta ocasi\u00f3n, es la <em>entidad <u>Alumni Universidad de M\u00e1laga<\/u> <\/em>la encargada de la organizaci\u00f3n de este evento.<\/p>\n<p>En el transcurso del Encuentro abordaremos a trav\u00e9s de mesas redondas\u00a0el alcance de la\u00a0<strong>Inteligencia Artificial<\/strong>\u00a0en el presente y en el futuro,\u00a0donde la Universidad de M\u00e1laga, ha sentado las bases con la puesta en marcha del primer grado en IA y Ciberseguridad de una universidad p\u00fablica, siendo pionera en este \u00e1mbito gracias a las sinergias establecidas con empresas punteras tecnol\u00f3gicas. Y por otro lado se abordar\u00e1n las\u00a0<strong>Microcredenciales<\/strong>\u00a0como una forma \u00e1gil, relevante y validada de certificar los logros de habilidades y competencias para los egresados universitarios, lo que les brinda oportunidades significativas de desarrollo profesional y personal.<\/p>\n<p>Adem\u00e1s, durante su celebraci\u00f3n se propiciar\u00e1 la firma de un convenio de colaboraci\u00f3n entre Alumni Espa\u00f1a y entidades de \u00e1mbito nacional de la parte social o empresarial involucradas en la utilizaci\u00f3n de herramientas basadas en Inteligencia Artificial para una implementaci\u00f3n positiva en la sociedad y con el objetivo de reducir la brecha digital.<\/p>\n<p>Las inscripciones se pueden realizar a trav\u00e9s del modelo en el link y siguiendo las instrucciones, a partir del d\u00eda de hoy con fecha l\u00edmite de inscripci\u00f3n el d\u00eda 28 de septiembre 2024:<\/p>\n<p><a href=\"https:\/\/eventos.uma.es\/118674\/section\/51929\/xxviii-encuentro-alumni-espana-2024.html\">https:\/\/eventos.uma.es\/118674\/section\/51929\/xxviii-encuentro-alumni-espana-2024.html<\/a><\/p>\n<p>Para cualquier informaci\u00f3n adicional que pueda precisar, no dude en ponerse en contacto en M\u00e1laga a trav\u00e9s del email, <a href=\"mailto:info@alumniuma.es\">info@alumniuma.es<\/a> es o de su tel\u00e9fono 951 952 731, Maite o a la Secretaria T\u00e9cnica de la Federaci\u00f3n ( <a href=\"mailto:alumniespana@gmail.com\">alumniespana@gmail.com<\/a> ).Ya se ha generado una web donde se podr\u00e1 obtener toda la informaci\u00f3n del encuentro:<\/p>\n<p>&nbsp;<\/p>\n<p><a href=\"https:\/\/eventos.uma.es\/118674\/detail\/xxviii-encuentro-alumni-espana-2024.html\">https:\/\/eventos.uma.es\/118674\/detail\/xxviii-encuentro-alumni-espana-2024.html<\/a><\/p>\n<p>&nbsp;<\/p>\n<p><a href=\"http:\/\/www.alumniespana.es\/nueva\/wp-content\/uploads\/2024\/10\/774ac2ec5b871b3b98ef1e13db7236ea-1.pdf\">Programa XXVIII Encuentro Alumni Espan\u0303a<\/a><\/p>\n<p>&nbsp;<\/p>\n<p>&nbsp;<\/p>\n<p>&nbsp;<\/p>\n","protected":false},"excerpt":{"rendered":"<p>&nbsp; Durante los d\u00edas 03 y 04 de octubre se celebrar\u00e1 el \u201cXXVIII Encuentro de Asociaciones de Antiguos Alumnos y Amigos de las Universidades Espa\u00f1olas\u201d <a href=\"https:\/\/www.alumniespana.es\/nueva\/xxviii-encuentro-de-asociaciones-de-antiguos-alumnos-y-amigos-de-las-universidades-espanolas\/\" class=\"btn btn-link continue-link\">Seguir leyendo<\/a><\/p>\n","protected":false},"author":8,"featured_media":0,"parent":0,"menu_order":0,"comment_status":"closed","ping_status":"closed","template":"","meta":{"jetpack_post_was_ever_published":false,"footnotes":""},"class_list":["post-1918","page","type-page","status-publish","hentry"],"jetpack_sharing_enabled":true,"jetpack_shortlink":"https:\/\/wp.me\/PgqjCh-uW","jetpack-related-posts":[],"_links":{"self":[{"href":"https:\/\/www.alumniespana.es\/nueva\/wp-json\/wp\/v2\/pages\/1918","targetHints":{"allow":["GET"]}}],"collection":[{"href":"https:\/\/www.alumniespana.es\/nueva\/wp-json\/wp\/v2\/pages"}],"about":[{"href":"https:\/\/www.alumniespana.es\/nueva\/wp-json\/wp\/v2\/types\/page"}],"author":[{"embeddable":true,"href":"https:\/\/www.alumniespana.es\/nueva\/wp-json\/wp\/v2\/users\/8"}],"replies":[{"embeddable":true,"href":"https:\/\/www.alumniespana.es\/nueva\/wp-json\/wp\/v2\/comments?post=1918"}],"version-history":[{"count":0,"href":"https:\/\/www.alumniespana.es\/nueva\/wp-json\/wp\/v2\/pages\/1918\/revisions"}],"wp:attachment":[{"href":"https:\/\/www.alumniespana.es\/nueva\/wp-json\/wp\/v2\/media?parent=1918"}],"curies":[{"name":"wp","href":"https:\/\/api.w.org\/{rel}","templated":true}]}}