{"id":18,"date":"2014-03-31T19:32:32","date_gmt":"2014-03-31T19:32:32","guid":{"rendered":"http:\/\/www.alumniespana.es\/nueva\/?page_id=18"},"modified":"2014-05-12T20:37:48","modified_gmt":"2014-05-12T20:37:48","slug":"historia","status":"publish","type":"page","link":"https:\/\/www.alumniespana.es\/nueva\/historia\/","title":{"rendered":"Historia"},"content":{"rendered":"<p style=\"text-align: justify;\"><span style=\"color: #000000;\"><span style=\"line-height: 1.5em;\">Para situar los antecedentes de <\/span><b style=\"line-height: 1.5em;\">Alumni Espa\u00f1a<\/b><span style=\"line-height: 1.5em;\">, debemos remontarnos al a\u00f1o 1997. Fue entonces cuando distintas asociaciones de antiguos alumnos de universidades espa\u00f1olas, con el objetivo de potenciar el fen\u00f3meno Asociativo de los Antiguos Alumnos, celebraron su <\/span><i style=\"line-height: 1.5em;\">I Encuentro <\/i><span style=\"line-height: 1.5em;\">el 23 de mayo, en Madrid. En dicho Encuentro, las entidades all\u00ed presentes acordaron establecer una Red de Asociaciones de Antiguos Alumnos de las Universidades Espa\u00f1olas con el objeto de mantener, al menos, una reuni\u00f3n anual.<\/span><\/span><\/p>\n<p style=\"text-align: justify;\"><span style=\"color: #000000;\">En Junio de 2003 se procedi\u00f3 a la <a title=\"Estatutos\" href=\"http:\/\/www.alumniespana.es\/nueva\/estatutos\"><b>firma de los Estatutos<\/b> <\/a>de la que entonces era la Red de Asociaciones de Amigos y Antiguos Alumnos de las Universidades Espa\u00f1olas y de la correspondiente Acta Fundacional, a partir de los cuales esta agrupaci\u00f3n de entidades adquiri\u00f3 personalidad jur\u00eddica propia bajo la forma de Federaci\u00f3n. Entre otras cosas, se puntualiz\u00f3 que dicha Federaci\u00f3n carecer\u00e1 de \u00e1nimo de lucro, y que su \u00e1mbito de actuaci\u00f3n ser\u00eda estatal. Asimismo, a partir de los Estatutos y del Acta Fundacional, se constituy\u00f3 la Junta Directiva.<\/span><\/p>\n<p style=\"text-align: justify;\"><span style=\"color: #000000;\">El 15 de octubre de 2003 en la sede social de Alcal\u00e1 de Henares, se celebr\u00f3 la primera reuni\u00f3n de la Junta Directiva tratando temas tan relevantes como las condiciones del convenio entre la Federaci\u00f3n, el Portal Universia, y el Banco Santander Central Hispano, as\u00ed como la ordenaci\u00f3n, planificaci\u00f3n y distribuci\u00f3n de \u00e1reas de trabajo a desarrollar.<\/span><\/p>\n<p style=\"text-align: justify;\"><span style=\"color: #000000;\">En 2012, dentro de la asamblea anual de los miembros de la Federaci\u00f3n, se decidi\u00f3 renovar la imagen y buscar una marca m\u00e1s reconocible. De all\u00ed sali\u00f3 <b>Alumni Espa\u00f1a, <\/b>nombre con el que se divulgar\u00e1 la Federaci\u00f3n y sus objetivos.<\/span><\/p>\n","protected":false},"excerpt":{"rendered":"<p>Para situar los antecedentes de Alumni Espa\u00f1a, debemos remontarnos al a\u00f1o 1997. Fue entonces cuando distintas asociaciones de antiguos alumnos de universidades espa\u00f1olas, con el <a href=\"https:\/\/www.alumniespana.es\/nueva\/historia\/\" class=\"btn btn-link continue-link\">Seguir leyendo<\/a><\/p>\n","protected":false},"author":8,"featured_media":0,"parent":0,"menu_order":0,"comment_status":"closed","ping_status":"closed","template":"","meta":{"jetpack_post_was_ever_published":false,"footnotes":""},"class_list":["post-18","page","type-page","status-publish","hentry"],"jetpack_sharing_enabled":true,"jetpack_shortlink":"https:\/\/wp.me\/PgqjCh-i","jetpack-related-posts":[],"_links":{"self":[{"href":"https:\/\/www.alumniespana.es\/nueva\/wp-json\/wp\/v2\/pages\/18","targetHints":{"allow":["GET"]}}],"collection":[{"href":"https:\/\/www.alumniespana.es\/nueva\/wp-json\/wp\/v2\/pages"}],"about":[{"href":"https:\/\/www.alumniespana.es\/nueva\/wp-json\/wp\/v2\/types\/page"}],"author":[{"embeddable":true,"href":"https:\/\/www.alumniespana.es\/nueva\/wp-json\/wp\/v2\/users\/8"}],"replies":[{"embeddable":true,"href":"https:\/\/www.alumniespana.es\/nueva\/wp-json\/wp\/v2\/comments?post=18"}],"version-history":[{"count":0,"href":"https:\/\/www.alumniespana.es\/nueva\/wp-json\/wp\/v2\/pages\/18\/revisions"}],"wp:attachment":[{"href":"https:\/\/www.alumniespana.es\/nueva\/wp-json\/wp\/v2\/media?parent=18"}],"curies":[{"name":"wp","href":"https:\/\/api.w.org\/{rel}","templated":true}]}}