{"id":1772,"date":"2022-09-08T11:21:14","date_gmt":"2022-09-08T11:21:14","guid":{"rendered":"http:\/\/www.alumniespana.es\/nueva\/?page_id=1772"},"modified":"2022-09-08T11:21:14","modified_gmt":"2022-09-08T11:21:14","slug":"xxvi-encuentro-de-asociaciones-de-antiguos-alumnos-y-amigos-de-las-universidades-espanolas","status":"publish","type":"page","link":"https:\/\/www.alumniespana.es\/nueva\/xxvi-encuentro-de-asociaciones-de-antiguos-alumnos-y-amigos-de-las-universidades-espanolas\/","title":{"rendered":"XXVI Encuentro de Asociaciones de Antiguos Alumnos y Amigos de las Universidades Espa\u00f1olas"},"content":{"rendered":"<p><a href=\"https:\/\/i0.wp.com\/www.alumniespana.es\/nueva\/wp-content\/uploads\/2022\/09\/Cartel-Encuentro-Alumni-Espana-1.jpg\"><img data-recalc-dims=\"1\" fetchpriority=\"high\" decoding=\"async\" data-attachment-id=\"1774\" data-permalink=\"https:\/\/www.alumniespana.es\/nueva\/xxvi-encuentro-de-asociaciones-de-antiguos-alumnos-y-amigos-de-las-universidades-espanolas\/cartel-encuentro-alumni-espana-1\/\" data-orig-file=\"https:\/\/i0.wp.com\/www.alumniespana.es\/nueva\/wp-content\/uploads\/2022\/09\/Cartel-Encuentro-Alumni-Espana-1.jpg?fit=1414%2C2000&amp;ssl=1\" data-orig-size=\"1414,2000\" data-comments-opened=\"1\" data-image-meta=\"{&quot;aperture&quot;:&quot;0&quot;,&quot;credit&quot;:&quot;&quot;,&quot;camera&quot;:&quot;&quot;,&quot;caption&quot;:&quot;&quot;,&quot;created_timestamp&quot;:&quot;0&quot;,&quot;copyright&quot;:&quot;&quot;,&quot;focal_length&quot;:&quot;0&quot;,&quot;iso&quot;:&quot;0&quot;,&quot;shutter_speed&quot;:&quot;0&quot;,&quot;title&quot;:&quot;&quot;,&quot;orientation&quot;:&quot;0&quot;}\" data-image-title=\"Cartel-Encuentro-Alumni-Espana-1\" data-image-description=\"\" data-image-caption=\"\" data-medium-file=\"https:\/\/i0.wp.com\/www.alumniespana.es\/nueva\/wp-content\/uploads\/2022\/09\/Cartel-Encuentro-Alumni-Espana-1.jpg?fit=212%2C300&amp;ssl=1\" data-large-file=\"https:\/\/i0.wp.com\/www.alumniespana.es\/nueva\/wp-content\/uploads\/2022\/09\/Cartel-Encuentro-Alumni-Espana-1.jpg?fit=640%2C905&amp;ssl=1\" class=\"alignright wp-image-1774 size-large\" src=\"https:\/\/i0.wp.com\/www.alumniespana.es\/nueva\/wp-content\/uploads\/2022\/09\/Cartel-Encuentro-Alumni-Espana-1.jpg?resize=640%2C905\" alt=\"\" width=\"640\" height=\"905\" srcset=\"https:\/\/i0.wp.com\/www.alumniespana.es\/nueva\/wp-content\/uploads\/2022\/09\/Cartel-Encuentro-Alumni-Espana-1.jpg?resize=724%2C1024&amp;ssl=1 724w, https:\/\/i0.wp.com\/www.alumniespana.es\/nueva\/wp-content\/uploads\/2022\/09\/Cartel-Encuentro-Alumni-Espana-1.jpg?resize=212%2C300&amp;ssl=1 212w, https:\/\/i0.wp.com\/www.alumniespana.es\/nueva\/wp-content\/uploads\/2022\/09\/Cartel-Encuentro-Alumni-Espana-1.jpg?resize=768%2C1086&amp;ssl=1 768w, https:\/\/i0.wp.com\/www.alumniespana.es\/nueva\/wp-content\/uploads\/2022\/09\/Cartel-Encuentro-Alumni-Espana-1.jpg?resize=1086%2C1536&amp;ssl=1 1086w, https:\/\/i0.wp.com\/www.alumniespana.es\/nueva\/wp-content\/uploads\/2022\/09\/Cartel-Encuentro-Alumni-Espana-1.jpg?w=1414&amp;ssl=1 1414w, https:\/\/i0.wp.com\/www.alumniespana.es\/nueva\/wp-content\/uploads\/2022\/09\/Cartel-Encuentro-Alumni-Espana-1.jpg?w=1280 1280w\" sizes=\"(max-width: 640px) 100vw, 640px\" \/><\/a>Durante los d\u00edas 17 y 18 de octubre se celebrar\u00e1 el<strong> XXVI Encuentro de Asociaciones de Antiguos Alumnos y Amigos de las Universidades Espa\u00f1olas.<\/strong><\/p>\n<p>Este encuentro lo convoca cada a\u00f1o la Federaci\u00f3n de Asociaciones de Antiguos Alumnos y Amigos de las Universidades Espa\u00f1olas (Alumni Espa\u00f1a) y en esta edici\u00f3n lo organiza la <strong><em>AlumniUNED (<\/em><\/strong>Comunidad de Antiguos Alumnos y Amigos de la UNED), en el marco de la\u00a0<strong>celebraci\u00f3n del 50 aniversario de la creaci\u00f3n de la UNED<\/strong>.<\/p>\n<p>Este encuentro lo convoca cada a\u00f1o la Federaci\u00f3n de Asociaciones de Antiguos Alumnos y Amigos de las Universidades Espa\u00f1olas (Alumni Espa\u00f1a) y lo organiza una de las asociaciones federadas. En esta ocasi\u00f3n, es la Comunidad de Antiguos Alumnos y Amigos de la UNED, denominada\u00a0<strong>AlumniUNED<\/strong>, la encargada de la organizaci\u00f3n de este evento,<\/p>\n<p>El XXVI Encuentro tiene una vertiente acad\u00e9mica e institucional, pero sobre todo pr\u00e1ctica para las entidades que agrupamos a los antiguos alumnos y amigos de las universidades espa\u00f1olas, sin olvidar la dimensi\u00f3n de relaci\u00f3n personal y cultural que siempre facilitan este tipo de reuniones.<\/p>\n<p>Creemos que puede ser un foro valioso para vuestra empresa o entidad alumni en donde podr\u00e1n formarse, intercambiar experiencias, establecer relaciones personales e institucionales y encontrar apoyos para el desarrollo de proyectos.<\/p>\n<p>Para cualquier informaci\u00f3n adicional que pueda precisar, no dude en ponerse en contacto con <strong><em>AlumniUNED<\/em><\/strong> a trav\u00e9s del email <a href=\"about:blank\">secretaria.alumni@adm.uned.es<\/a> , de su tel\u00e9fono (34) 673 617 274 o bien a trav\u00e9s de la Secretaria T\u00e9cnica de la Federaci\u00f3n (<a href=\"about:blank\">secretaria@alumniespana.net<\/a>\u00a0\/\u00a0<a href=\"about:blank\">alumniespana@gmail.com<\/a>).<\/p>\n<p>Las inscripciones se podr\u00e1n comenzar a realizar a partir del d\u00eda de hoy. Para acudir a la asamblea general del d\u00eda 18 solamente podr\u00e1n acudir los miembros Federados y es necesario que presenten el anexo debidamente cumplimentado si van a delegar su asistencia, para poder obtener el quorum requerido. Ya se ha generado una web donde se podr\u00e1 obtener toda la informaci\u00f3n del encuentro:<\/p>\n<p><a href=\"https:\/\/blogs.uned.es\/alumni\/xxvi-encuentro-alumni-espana\/\">https:\/\/blogs.uned.es\/alumni\/xxvi-encuentro-alumni-espana\/<\/a><\/p>\n<p>Se ir\u00e1 dando cumplida informaci\u00f3n tanto del encuentro como de la asamblea general.<\/p>\n<p>Para la Federaci\u00f3n ser\u00eda un verdadero honor poder contar con la presencia en dicho evento de todo aquel que se encuentre relacionado con el Mundo Alumni. Tanto para la Comunidad <strong><em>AlumniUNED<\/em><\/strong> como para la Federaci\u00f3n Alumni Espa\u00f1a es una satisfacci\u00f3n compartir esta noticia con vosotros.<\/p>\n<p><a href=\"http:\/\/www.alumniespana.es\/nueva\/wp-content\/uploads\/2022\/09\/Carta-Presidente-Invitacion-XXVI-Encuentro-UNED.pdf\">Carta Presidente Invitacion XXVI Encuentro UNED<\/a><\/p>\n<p><strong><a href=\"https:\/\/blogs.uned.es\/alumni\/wp-content\/uploads\/sites\/179\/2022\/09\/Programa-XXVI-Encuentro-Alumni-Espana-UNED.pdf\">Descargar programa<\/a><\/strong><\/p>\n<p><a href=\"https:\/\/i0.wp.com\/www.alumniespana.es\/nueva\/wp-content\/uploads\/2022\/09\/lunes-17.png\"><img data-recalc-dims=\"1\" decoding=\"async\" data-attachment-id=\"1776\" data-permalink=\"https:\/\/www.alumniespana.es\/nueva\/xxvi-encuentro-de-asociaciones-de-antiguos-alumnos-y-amigos-de-las-universidades-espanolas\/lunes-17\/\" data-orig-file=\"https:\/\/i0.wp.com\/www.alumniespana.es\/nueva\/wp-content\/uploads\/2022\/09\/lunes-17.png?fit=1256%2C1160&amp;ssl=1\" data-orig-size=\"1256,1160\" data-comments-opened=\"1\" data-image-meta=\"{&quot;aperture&quot;:&quot;0&quot;,&quot;credit&quot;:&quot;&quot;,&quot;camera&quot;:&quot;&quot;,&quot;caption&quot;:&quot;&quot;,&quot;created_timestamp&quot;:&quot;0&quot;,&quot;copyright&quot;:&quot;&quot;,&quot;focal_length&quot;:&quot;0&quot;,&quot;iso&quot;:&quot;0&quot;,&quot;shutter_speed&quot;:&quot;0&quot;,&quot;title&quot;:&quot;&quot;,&quot;orientation&quot;:&quot;0&quot;}\" data-image-title=\"lunes-17\" data-image-description=\"\" data-image-caption=\"\" data-medium-file=\"https:\/\/i0.wp.com\/www.alumniespana.es\/nueva\/wp-content\/uploads\/2022\/09\/lunes-17.png?fit=300%2C277&amp;ssl=1\" data-large-file=\"https:\/\/i0.wp.com\/www.alumniespana.es\/nueva\/wp-content\/uploads\/2022\/09\/lunes-17.png?fit=640%2C591&amp;ssl=1\" class=\"alignnone wp-image-1776 \" src=\"https:\/\/i0.wp.com\/www.alumniespana.es\/nueva\/wp-content\/uploads\/2022\/09\/lunes-17.png?resize=640%2C591\" alt=\"\" width=\"640\" height=\"591\" srcset=\"https:\/\/i0.wp.com\/www.alumniespana.es\/nueva\/wp-content\/uploads\/2022\/09\/lunes-17.png?resize=1024%2C946&amp;ssl=1 1024w, https:\/\/i0.wp.com\/www.alumniespana.es\/nueva\/wp-content\/uploads\/2022\/09\/lunes-17.png?resize=300%2C277&amp;ssl=1 300w, https:\/\/i0.wp.com\/www.alumniespana.es\/nueva\/wp-content\/uploads\/2022\/09\/lunes-17.png?resize=768%2C709&amp;ssl=1 768w, https:\/\/i0.wp.com\/www.alumniespana.es\/nueva\/wp-content\/uploads\/2022\/09\/lunes-17.png?w=1256&amp;ssl=1 1256w\" sizes=\"(max-width: 640px) 100vw, 640px\" \/><\/a><a href=\"https:\/\/i0.wp.com\/www.alumniespana.es\/nueva\/wp-content\/uploads\/2022\/09\/martes-18.png\"><img data-recalc-dims=\"1\" decoding=\"async\" data-attachment-id=\"1775\" data-permalink=\"https:\/\/www.alumniespana.es\/nueva\/xxvi-encuentro-de-asociaciones-de-antiguos-alumnos-y-amigos-de-las-universidades-espanolas\/martes-18\/\" data-orig-file=\"https:\/\/i0.wp.com\/www.alumniespana.es\/nueva\/wp-content\/uploads\/2022\/09\/martes-18.png?fit=988%2C1158&amp;ssl=1\" data-orig-size=\"988,1158\" data-comments-opened=\"1\" data-image-meta=\"{&quot;aperture&quot;:&quot;0&quot;,&quot;credit&quot;:&quot;&quot;,&quot;camera&quot;:&quot;&quot;,&quot;caption&quot;:&quot;&quot;,&quot;created_timestamp&quot;:&quot;0&quot;,&quot;copyright&quot;:&quot;&quot;,&quot;focal_length&quot;:&quot;0&quot;,&quot;iso&quot;:&quot;0&quot;,&quot;shutter_speed&quot;:&quot;0&quot;,&quot;title&quot;:&quot;&quot;,&quot;orientation&quot;:&quot;0&quot;}\" data-image-title=\"martes-18\" data-image-description=\"\" data-image-caption=\"\" data-medium-file=\"https:\/\/i0.wp.com\/www.alumniespana.es\/nueva\/wp-content\/uploads\/2022\/09\/martes-18.png?fit=256%2C300&amp;ssl=1\" data-large-file=\"https:\/\/i0.wp.com\/www.alumniespana.es\/nueva\/wp-content\/uploads\/2022\/09\/martes-18.png?fit=640%2C750&amp;ssl=1\" class=\"alignnone wp-image-1775 size-large\" src=\"https:\/\/i0.wp.com\/www.alumniespana.es\/nueva\/wp-content\/uploads\/2022\/09\/martes-18.png?resize=640%2C750\" alt=\"\" width=\"640\" height=\"750\" srcset=\"https:\/\/i0.wp.com\/www.alumniespana.es\/nueva\/wp-content\/uploads\/2022\/09\/martes-18.png?resize=874%2C1024&amp;ssl=1 874w, https:\/\/i0.wp.com\/www.alumniespana.es\/nueva\/wp-content\/uploads\/2022\/09\/martes-18.png?resize=256%2C300&amp;ssl=1 256w, https:\/\/i0.wp.com\/www.alumniespana.es\/nueva\/wp-content\/uploads\/2022\/09\/martes-18.png?resize=768%2C900&amp;ssl=1 768w, https:\/\/i0.wp.com\/www.alumniespana.es\/nueva\/wp-content\/uploads\/2022\/09\/martes-18.png?w=988&amp;ssl=1 988w\" sizes=\"(max-width: 640px) 100vw, 640px\" \/><\/a><\/p>\n<p>&nbsp;<\/p>\n","protected":false},"excerpt":{"rendered":"<p>Durante los d\u00edas 17 y 18 de octubre se celebrar\u00e1 el XXVI Encuentro de Asociaciones de Antiguos Alumnos y Amigos de las Universidades Espa\u00f1olas. Este <a href=\"https:\/\/www.alumniespana.es\/nueva\/xxvi-encuentro-de-asociaciones-de-antiguos-alumnos-y-amigos-de-las-universidades-espanolas\/\" class=\"btn btn-link continue-link\">Seguir leyendo<\/a><\/p>\n","protected":false},"author":8,"featured_media":0,"parent":0,"menu_order":0,"comment_status":"closed","ping_status":"closed","template":"","meta":{"jetpack_post_was_ever_published":false,"footnotes":""},"class_list":["post-1772","page","type-page","status-publish","hentry"],"jetpack_sharing_enabled":true,"jetpack_shortlink":"https:\/\/wp.me\/PgqjCh-sA","jetpack-related-posts":[],"_links":{"self":[{"href":"https:\/\/www.alumniespana.es\/nueva\/wp-json\/wp\/v2\/pages\/1772","targetHints":{"allow":["GET"]}}],"collection":[{"href":"https:\/\/www.alumniespana.es\/nueva\/wp-json\/wp\/v2\/pages"}],"about":[{"href":"https:\/\/www.alumniespana.es\/nueva\/wp-json\/wp\/v2\/types\/page"}],"author":[{"embeddable":true,"href":"https:\/\/www.alumniespana.es\/nueva\/wp-json\/wp\/v2\/users\/8"}],"replies":[{"embeddable":true,"href":"https:\/\/www.alumniespana.es\/nueva\/wp-json\/wp\/v2\/comments?post=1772"}],"version-history":[{"count":0,"href":"https:\/\/www.alumniespana.es\/nueva\/wp-json\/wp\/v2\/pages\/1772\/revisions"}],"wp:attachment":[{"href":"https:\/\/www.alumniespana.es\/nueva\/wp-json\/wp\/v2\/media?parent=1772"}],"curies":[{"name":"wp","href":"https:\/\/api.w.org\/{rel}","templated":true}]}}