{"id":12,"date":"2014-03-31T19:20:10","date_gmt":"2014-03-31T19:20:10","guid":{"rendered":"http:\/\/www.alumniespana.es\/nueva\/?page_id=12"},"modified":"2014-05-20T18:05:52","modified_gmt":"2014-05-20T18:05:52","slug":"bienvenida-del-presidente","status":"publish","type":"page","link":"https:\/\/www.alumniespana.es\/nueva\/bienvenida-del-presidente\/","title":{"rendered":"Bienvenida del Presidente"},"content":{"rendered":"<p style=\"text-align: justify;\"><span style=\"color: #000000;\">La Federaci\u00f3n de Asociaciones de Antiguos Alumnos y Amigos de las Universidades Espa\u00f1olas, Alumni Espa\u00f1a, naci\u00f3 con el esp\u00edritu de tener un lugar de reuni\u00f3n y trabajo para fomentar la uni\u00f3n entre las entidades que trabajan d\u00eda a d\u00eda dentro de las Universidades por los Antiguos Alumnos.<\/span><\/p>\n<p style=\"text-align: justify;\"><span style=\"color: #000000;\">Hoy por hoy la manera de organizarse, dentro de las Universidades, depende de c\u00f3mo se hayan creado en sus inicios, as\u00ed tenemos asociaciones de antiguos alumnos con convenios de colaboraci\u00f3n con las Universidades, programas de captaci\u00f3n de recursos o un servicio de oficina alumni, esta \u00faltima es uno de los modelos que se est\u00e1n imponiendo mas, eso s\u00ed, integrando y colaborando con la Asociaci\u00f3n de Alumni\u00a0 existentes.<\/span><\/p>\n<p style=\"text-align: justify;\"><span style=\"color: #000000;\">El movimiento Alumni\u00a0 cada d\u00eda es m\u00e1s importante en nuestro pa\u00eds, como ejemplo decir que Alumni Espa\u00f1a que empez\u00f3 con 9 entidades alumni ya contamos con m\u00e1s de 45 Entidades Alumni federadas teniendo una sede en Uruguay y Argentina.\u00a0<\/span><\/p>\n<p style=\"text-align: justify;\"><span style=\"color: #000000;\">Alumni Espa\u00f1a est\u00e1 abierta a la participaci\u00f3n de todos y seguimos con la idea de que la uni\u00f3n hace la fuerza y es mejor estar trabajando en un mismo espacio. Fruto de este trabajo son los acuerdos de colaboraci\u00f3n con entidades como la CRUE (Conferencia de Rectores), en donde estamos trabajando en dos grupos de trabajo o con el Ministerio de Educaci\u00f3n para la elaboraci\u00f3n de informes que recojan la realidad de los Alumni o con el Banco Santander que apost\u00f3 desde el principio.<\/span><\/p>\n<p style=\"text-align: justify;\"><span style=\"color: #000000;\">Os animo a los alumni a que particip\u00e9is y colabor\u00e9is con vuestras entidades porque somos los verdaderos embajadores de las universidades, ya que hemos estado en ella y tenemos un sentimiento de pertenencia muy importante que queremos poner en valor para\u00a0 aportar y ayudar a las Universidades en todo aquello que as\u00ed\u00a0 nos requiera.<\/span><\/p>\n<p style=\"text-align: justify;\"><span style=\"color: #000000;\">Dec\u00eda Machado \u201ccaminante no hay camino se hace camino al andar\u2026..\u201d eso es lo que hemos hecho en Alumni Espa\u00f1a empezar el camino del movimiento Alumni con todos y para todos.<\/span><\/p>\n<p><span style=\"color: #000000;\">\u00a0<\/span><\/p>\n<p><span style=\"color: #000000;\"><strong>Antonio Jos\u00e9 Redondo<\/strong><\/span><br \/>\n<span style=\"color: #000000;\"> <strong> Presidente Alumni Espa\u00f1a<\/strong><\/span><\/p>\n","protected":false},"excerpt":{"rendered":"<p>La Federaci\u00f3n de Asociaciones de Antiguos Alumnos y Amigos de las Universidades Espa\u00f1olas, Alumni Espa\u00f1a, naci\u00f3 con el esp\u00edritu de tener un lugar de reuni\u00f3n <a href=\"https:\/\/www.alumniespana.es\/nueva\/bienvenida-del-presidente\/\" class=\"btn btn-link continue-link\">Seguir leyendo<\/a><\/p>\n","protected":false},"author":8,"featured_media":0,"parent":0,"menu_order":0,"comment_status":"closed","ping_status":"closed","template":"","meta":{"jetpack_post_was_ever_published":false,"footnotes":""},"class_list":["post-12","page","type-page","status-publish","hentry"],"jetpack_sharing_enabled":true,"jetpack_shortlink":"https:\/\/wp.me\/PgqjCh-c","jetpack-related-posts":[],"_links":{"self":[{"href":"https:\/\/www.alumniespana.es\/nueva\/wp-json\/wp\/v2\/pages\/12","targetHints":{"allow":["GET"]}}],"collection":[{"href":"https:\/\/www.alumniespana.es\/nueva\/wp-json\/wp\/v2\/pages"}],"about":[{"href":"https:\/\/www.alumniespana.es\/nueva\/wp-json\/wp\/v2\/types\/page"}],"author":[{"embeddable":true,"href":"https:\/\/www.alumniespana.es\/nueva\/wp-json\/wp\/v2\/users\/8"}],"replies":[{"embeddable":true,"href":"https:\/\/www.alumniespana.es\/nueva\/wp-json\/wp\/v2\/comments?post=12"}],"version-history":[{"count":0,"href":"https:\/\/www.alumniespana.es\/nueva\/wp-json\/wp\/v2\/pages\/12\/revisions"}],"wp:attachment":[{"href":"https:\/\/www.alumniespana.es\/nueva\/wp-json\/wp\/v2\/media?parent=12"}],"curies":[{"name":"wp","href":"https:\/\/api.w.org\/{rel}","templated":true}]}}