{"id":1105,"date":"2014-09-15T09:40:21","date_gmt":"2014-09-15T09:40:21","guid":{"rendered":"http:\/\/www.alumniespana.es\/nueva\/?page_id=1105"},"modified":"2014-09-15T09:44:41","modified_gmt":"2014-09-15T09:44:41","slug":"aviso-legal","status":"publish","type":"page","link":"https:\/\/www.alumniespana.es\/nueva\/aviso-legal\/","title":{"rendered":"Aviso legal"},"content":{"rendered":"<p style=\"text-align: justify;\"><strong>Aviso Legal<\/strong><br \/>\n\u201cEn cumplimiento del art\u00edculo 10 de la Ley 34\/2002, del 11 de julio, de\u00a0servicios de la Sociedad de la Informaci\u00f3n y Comercio Electr\u00f3nico (LSSICE)\u00a0se exponen a continuaci\u00f3n los datos identificativos de la Federaci\u00f3n de Asociaciones de Antiguos Alumnos y Amigos de las Universidades Espa\u00f1olas con CIF G83795385, sita en Colegio San Pedro y San Pablo 3\u00aa Planta (Torre\u00f3n), Plaza San Diego s\/n.\u00a028801. Alcal\u00e1 de Henares. Madrid. Tlf. 91 885 41 02 Mail<em>.<\/em><a title=\"federacionantiguos@universia.net\" href=\"mailto:federacionantiguos@universia.net\" target=\"_blank\">\u00a0federacionantiguos@universia.net<\/a>\u201d.<\/p>\n<p style=\"text-align: justify;\"><strong>Sobre la Propiedad Legal y el Copyright<\/strong><br \/>\nEl propietario de esta web y su contenido es la Federaci\u00f3n Alumni Espa\u00f1a, en adelante Alumni Espa\u00f1a. Queda prohibida la transmisi\u00f3n, cesi\u00f3n, venta, alquiler y\/o exposici\u00f3n p\u00fablica de esta web sin la correspondiente autorizaci\u00f3n de sus due\u00f1os. La informaci\u00f3n y consejos presentados en esta web son de car\u00e1cter orientativos quedando\u00a0 la Federaci\u00f3n exenta de cualquier responsabilidad derivada de la falta de exactitud o efectividad en dicha informaci\u00f3n o consejos.<br \/>\nAlumni Espa\u00f1a se reserva el derecho de modificar el contenido de la web sin previo aviso y sin ning\u00fan tipo de limitaci\u00f3n. La informaci\u00f3n remitida a esta web o introducida a trav\u00e9s de sus formularios deber\u00e1 ser veraz y no vulnerar\u00e1 el derecho a terceros ni la legalidad vigente.<br \/>\nAlumni Espa\u00f1a declina cualquier responsabilidad contractual o extracontractual con la persona o empresa que tuviera perjuicios de cualquier naturaleza ocasionados por virus inform\u00e1ticos o por elementos inform\u00e1ticos de cualquier \u00edndole al no poder garantizar al 100% la ausencia de virus ni de otros elementos en la web.<\/p>\n<p style=\"text-align: justify;\"><strong>Pol\u00edtica de Protecci\u00f3n de Datos Personales<\/strong><br \/>\nAlgunos servicios prestados en la web pueden contener condiciones particulares con previsiones espec\u00edficas en materia de protecci\u00f3n de Datos Personales.<br \/>\nLos datos personales recogidos ser\u00e1n objeto de tratamiento automatizado e incorporados a los correspondientes ficheros automatizados.<br \/>\nEl usuario garantiza que los datos personales facilitados a Alumni Espa\u00f1a son veraces y se hace responsable de comunicar cualquier modificaci\u00f3n en los mismos.<br \/>\nAlumni Espa\u00f1a, como responsable del fichero automatizado, garantiza el pleno cumplimiento de la normativa de Protecci\u00f3n de Datos de Car\u00e1cter Personal, y as\u00ed, de acuerdo con la L.O. 15\/1999, los apoderados, intervinientes, autorizados y, en su caso, avalistas de la entidad jur\u00eddica firmante quedan informados y prestan su consentimiento a la incorporaci\u00f3n de sus datos a los ficheros automatizados existentes.<br \/>\nAlumni Espa\u00f1a ha adoptado los niveles de seguridad de protecci\u00f3n de los datos personales legalmente requeridos, y procura instalar aquellos otros medios y medidas t\u00e9cnicas adicionales a su alcance para evitar la p\u00e9rdida, mal uso, alteraci\u00f3n, acceso no autorizado y robo de los datos personales facilitados a Alumni Espa\u00f1a. No obstante, el usuario debe ser consciente de que las medidas de seguridad en Internet no son inexpugnables.<\/p>\n<p style=\"text-align: justify;\">Los usuarios tienen derechos reconocidos y podr\u00e1n ejercitar los derechos de acceso, cancelaci\u00f3n, rectificaci\u00f3n y oposici\u00f3n, as\u00ed como a ser informados de las cesiones realizadas contactando con Alumni Espa\u00f1a a trav\u00e9s del correo electr\u00f3nico <a href=\"mailto:federacionantiguos@universia.net\">federacionantiguos@universia.net<\/a>.<br \/>\nAlumni Espa\u00f1a puede utilizar\u00a0<em>cookies<\/em>\u00a0cuando un usuario navega por la web, asoci\u00e1ndose \u00fanicamente con el navegador de un ordenador determinado (un usuario an\u00f3nimo), y no proporcionan por s\u00ed el nombre y apellidos del usuario. Gracias a las\u00a0<em>cookies<\/em>, resulta posible que Alumni Espa\u00f1a reconozca los navegadores de los usuarios registrados despu\u00e9s de que \u00e9stos se hayan registrado por primera vez, sin que tengan que registrarse en cada visita para acceder a las \u00e1reas y servicios reservados exclusivamente a ellos. Las cookies utilizadas no pueden leer los archivos cookie creados por otros proveedores. El usuario tiene la posibilidad de configurar su navegador para ser avisado en pantalla de la recepci\u00f3n de cookies y para impedir la instalaci\u00f3n de cookies en su disco duro.<br \/>\nActualmente, la mayor\u00eda de los navegadores vienen configurados por defecto para bloquear la instalaci\u00f3n de cookies de publicidad o de terceros en su equipo. El usuario puede ampliar las restricciones de origen, impidiendo la entrada de cualquier tipo de cookie, o, por el contrario eliminar dichas restricciones, aceptando la entrada de cualquier tipo de cookies.<br \/>\nSi el usuario ha modificado voluntariamente la configuraci\u00f3n del navegador para admitir cookies de publicidad o de terceros, dicha acci\u00f3n significar\u00e1 que da su consentimiento para el tratamiento de sus datos a los efectos de publicidad.<\/p>\n<p style=\"text-align: justify;\">De acuerdo con lo establecido en el Real Decreto-ley 13\/2012, de 30 de marzo, no ser\u00e1 necesario el consentimiento del usuario cuando el almacenamiento o acceso relativos a las cookies sean de \u00edndole t\u00e9cnica al solo fin de efectuar la transmisi\u00f3n de una comunicaci\u00f3n por una red de comunicaciones electr\u00f3nicas o, en la medida que resulte estrictamente necesario, para la prestaci\u00f3n de un servicio de la sociedad de la informaci\u00f3n expresamente solicitado por el destinatario.<\/p>\n<p style=\"text-align: justify;\"><strong>Condiciones de Utilizaci\u00f3n de la Web<\/strong><br \/>\nAlumni Espa\u00f1a ofrece en su web informaci\u00f3n relacionada con el tipo de actividad, productos y servicios que realiza, previa suscripci\u00f3n y en los t\u00e9rminos y condiciones que sean pactados<br \/>\nAlumni Espa\u00f1a se reserva el derecho a actualizar, modificar o eliminar la informaci\u00f3n contenida en www.alumniespana.com pudiendo limitar o no permitir el acceso a dicha informaci\u00f3n. Especialmente, Alumni Espa\u00f1a se reserva el derecho a eliminar, limitar o impedir el acceso a su web cuando surjan dificultades t\u00e9cnicas por hechos o circunstancias ajenas a Alumni Espa\u00f1a que, a su criterio, disminuyan o anulen los niveles de seguridad adoptados para el adecuado funcionamiento de la web.<\/p>\n","protected":false},"excerpt":{"rendered":"<p>Aviso Legal \u201cEn cumplimiento del art\u00edculo 10 de la Ley 34\/2002, del 11 de julio, de\u00a0servicios de la Sociedad de la Informaci\u00f3n y Comercio Electr\u00f3nico <a href=\"https:\/\/www.alumniespana.es\/nueva\/aviso-legal\/\" class=\"btn btn-link continue-link\">Seguir leyendo<\/a><\/p>\n","protected":false},"author":8,"featured_media":0,"parent":0,"menu_order":0,"comment_status":"open","ping_status":"open","template":"","meta":{"jetpack_post_was_ever_published":false,"footnotes":""},"class_list":["post-1105","page","type-page","status-publish","hentry"],"jetpack_sharing_enabled":true,"jetpack_shortlink":"https:\/\/wp.me\/PgqjCh-hP","jetpack-related-posts":[],"_links":{"self":[{"href":"https:\/\/www.alumniespana.es\/nueva\/wp-json\/wp\/v2\/pages\/1105","targetHints":{"allow":["GET"]}}],"collection":[{"href":"https:\/\/www.alumniespana.es\/nueva\/wp-json\/wp\/v2\/pages"}],"about":[{"href":"https:\/\/www.alumniespana.es\/nueva\/wp-json\/wp\/v2\/types\/page"}],"author":[{"embeddable":true,"href":"https:\/\/www.alumniespana.es\/nueva\/wp-json\/wp\/v2\/users\/8"}],"replies":[{"embeddable":true,"href":"https:\/\/www.alumniespana.es\/nueva\/wp-json\/wp\/v2\/comments?post=1105"}],"version-history":[{"count":0,"href":"https:\/\/www.alumniespana.es\/nueva\/wp-json\/wp\/v2\/pages\/1105\/revisions"}],"wp:attachment":[{"href":"https:\/\/www.alumniespana.es\/nueva\/wp-json\/wp\/v2\/media?parent=1105"}],"curies":[{"name":"wp","href":"https:\/\/api.w.org\/{rel}","templated":true}]}}